{"id":1426,"date":"2023-10-12T14:44:26","date_gmt":"2023-10-12T12:44:26","guid":{"rendered":"https:\/\/milanista-leather.com\/?post_type=product&#038;p=1426"},"modified":"2025-12-02T16:29:19","modified_gmt":"2025-12-02T15:29:19","slug":"veste-pilote-v006","status":"publish","type":"product","link":"https:\/\/milanista-leather.com\/index.php\/produit\/veste-pilote-v006\/","title":{"rendered":"Veste En Cuir V\u00e9ritable MVH98 &#8211; NOIR-"},"content":{"rendered":"<div class=\"xdj266r x11i5rnm xat24cr x1mh8g0r x1vvkbs x126k92a\">\n<div dir=\"auto\">Explorez le style contemporain avec notre veste en cuir v\u00e9ritable 2023, m\u00ealant habilement cuir classique et nubuck. L&rsquo;alliance de textures cr\u00e9e une pi\u00e8ce unique, \u00e0 la fois sophistiqu\u00e9e et d\u00e9contract\u00e9e. La palette panach\u00e9e offre une esth\u00e9tique moderne, tandis que la qualit\u00e9 artisanale garantit un confort exceptionnel. Red\u00e9finissez votre \u00e9l\u00e9gance avec cette veste qui marie innovation et tradition.<\/div>\n<\/div>\n<div class=\"x11i5rnm xat24cr x1mh8g0r x1vvkbs xtlvy1s x126k92a\">\n<div dir=\"auto\"><span class=\"x3nfvp2 x1j61x8r x1fcty0u xdj266r xhhsvwb xat24cr xgzva0m xxymvpz xlup9mm x1kky2od\"><img decoding=\"async\" class=\"xz74otr\" src=\"https:\/\/static.xx.fbcdn.net\/images\/emoji.php\/v9\/t2d\/1\/16\/1f4cd.png\" alt=\"\ud83d\udccd\" width=\"16\" height=\"16\" \/><\/span> Note : les pieces de devant et derriere en noir corbeau ceux sont des pieces v\u00e9ritable cuir nubuck <span class=\"x3nfvp2 x1j61x8r x1fcty0u xdj266r xhhsvwb xat24cr xgzva0m xxymvpz xlup9mm x1kky2od\"><img decoding=\"async\" class=\"xz74otr\" src=\"https:\/\/static.xx.fbcdn.net\/images\/emoji.php\/v9\/tf1\/1\/16\/1f4af.png\" alt=\"\ud83d\udcaf\" width=\"16\" height=\"16\" \/><\/span><span class=\"x3nfvp2 x1j61x8r x1fcty0u xdj266r xhhsvwb xat24cr xgzva0m xxymvpz xlup9mm x1kky2od\"><img decoding=\"async\" class=\"xz74otr\" src=\"https:\/\/static.xx.fbcdn.net\/images\/emoji.php\/v9\/t51\/1\/16\/2714.png\" alt=\"\u2714\ufe0f\" width=\"16\" height=\"16\" \/><\/span><\/div>\n<\/div>\n<div>\n<div>\n<p>&nbsp;<\/p>\n<ul>\n<li>Couleur : Noir<\/li>\n<li>Type de col: Col Montant<\/li>\n<li>Manches longues<\/li>\n<li>Deux poches avant<\/li>\n<li>Fermeture Zip<\/li>\n<li>Mati\u00e8re:Cuir v\u00e9ritable<\/li>\n<li><strong>NB\u00a0<\/strong>: &#8211; nous informons nos cher(e)s clients que ce blouson MVH98 a \u00e9t\u00e9 r\u00e9alis\u00e9 par un guide de taille slim fit , c&rsquo;est pour cela si vous avez du poids de plus ( ventre , les anches &#8230;)\u00a0 nous vous conseillons de choisir une taille de plus<\/li>\n<li>\u00a0 \u00a0 \u00a0&#8211; la taille de blousons en cuir v\u00e9ritable va grandir grace a des conditions naturel et avec l&rsquo;usage<\/li>\n<li>\u00a0 \u00a0 &#8211; pour que vous faire para\u00eetre\u00a0sous la meilleur forme ce blouson se porte avec des v\u00eatements\u00a0l\u00e9gers\u00a0, demi saison<\/li>\n<\/ul>\n<div>\n<p>&nbsp;<\/p>\n<\/div>\n<\/div>\n<\/div>\n","protected":false},"excerpt":{"rendered":"<p>Explorez le style contemporain avec notre veste en cuir v\u00e9ritable 2023, m\u00ealant habilement cuir classique et nubuck. L&rsquo;alliance de textures cr\u00e9e une pi\u00e8ce unique, \u00e0 la fois sophistiqu\u00e9e et d\u00e9contract\u00e9e. La palette panach\u00e9e offre une esth\u00e9tique moderne, tandis que la qualit\u00e9 artisanale garantit un confort exceptionnel. Red\u00e9finissez votre \u00e9l\u00e9gance avec cette veste qui marie innovation [&hellip;]<\/p>\n","protected":false},"featured_media":1500,"comment_status":"open","ping_status":"closed","template":"","meta":{"_eb_attr":"","om_disable_all_campaigns":false,"_monsterinsights_skip_tracking":false,"_monsterinsights_sitenote_active":false,"_monsterinsights_sitenote_note":"","_monsterinsights_sitenote_category":0,"site-sidebar-layout":"default","site-content-layout":"default","ast-site-content-layout":"default","site-content-style":"default","site-sidebar-style":"default","ast-global-header-display":"","ast-banner-title-visibility":"","ast-main-header-display":"","ast-hfb-above-header-display":"","ast-hfb-below-header-display":"","ast-hfb-mobile-header-display":"","site-post-title":"disabled","ast-breadcrumbs-content":"disabled","ast-featured-img":"","footer-sml-layout":"","theme-transparent-header-meta":"default","adv-header-id-meta":"","stick-header-meta":"","header-above-stick-meta":"","header-main-stick-meta":"","header-below-stick-meta":"","astra-migrate-meta-layouts":"set","ast-page-background-enabled":"default","ast-page-background-meta":{"desktop":{"background-color":"","background-image":"","background-repeat":"repeat","background-position":"center center","background-size":"auto","background-attachment":"scroll","background-type":"","background-media":"","overlay-type":"","overlay-color":"","overlay-opacity":"","overlay-gradient":""},"tablet":{"background-color":"","background-image":"","background-repeat":"repeat","background-position":"center center","background-size":"auto","background-attachment":"scroll","background-type":"","background-media":"","overlay-type":"","overlay-color":"","overlay-opacity":"","overlay-gradient":""},"mobile":{"background-color":"","background-image":"","background-repeat":"repeat","background-position":"center center","background-size":"auto","background-attachment":"scroll","background-type":"","background-media":"","overlay-type":"","overlay-color":"","overlay-opacity":"","overlay-gradient":""}},"ast-content-background-meta":{"desktop":{"background-color":"var(--ast-global-color-5)","background-image":"","background-repeat":"repeat","background-position":"center center","background-size":"auto","background-attachment":"scroll","background-type":"","background-media":"","overlay-type":"","overlay-color":"","overlay-opacity":"","overlay-gradient":""},"tablet":{"background-color":"var(--ast-global-color-5)","background-image":"","background-repeat":"repeat","background-position":"center center","background-size":"auto","background-attachment":"scroll","background-type":"","background-media":"","overlay-type":"","overlay-color":"","overlay-opacity":"","overlay-gradient":""},"mobile":{"background-color":"var(--ast-global-color-5)","background-image":"","background-repeat":"repeat","background-position":"center center","background-size":"auto","background-attachment":"scroll","background-type":"","background-media":"","overlay-type":"","overlay-color":"","overlay-opacity":"","overlay-gradient":""}}},"product_cat":[17],"product_tag":[],"class_list":{"0":"post-1426","1":"product","2":"type-product","3":"status-publish","4":"has-post-thumbnail","6":"product_cat-veste","7":"desktop-align-left","8":"tablet-align-left","9":"mobile-align-left","11":"first","12":"outofstock","13":"sale","14":"shipping-taxable","15":"purchasable","16":"product-type-variable"},"aioseo_notices":[],"_links":{"self":[{"href":"https:\/\/milanista-leather.com\/index.php\/wp-json\/wp\/v2\/product\/1426","targetHints":{"allow":["GET"]}}],"collection":[{"href":"https:\/\/milanista-leather.com\/index.php\/wp-json\/wp\/v2\/product"}],"about":[{"href":"https:\/\/milanista-leather.com\/index.php\/wp-json\/wp\/v2\/types\/product"}],"replies":[{"embeddable":true,"href":"https:\/\/milanista-leather.com\/index.php\/wp-json\/wp\/v2\/comments?post=1426"}],"wp:featuredmedia":[{"embeddable":true,"href":"https:\/\/milanista-leather.com\/index.php\/wp-json\/wp\/v2\/media\/1500"}],"wp:attachment":[{"href":"https:\/\/milanista-leather.com\/index.php\/wp-json\/wp\/v2\/media?parent=1426"}],"wp:term":[{"taxonomy":"product_cat","embeddable":true,"href":"https:\/\/milanista-leather.com\/index.php\/wp-json\/wp\/v2\/product_cat?post=1426"},{"taxonomy":"product_tag","embeddable":true,"href":"https:\/\/milanista-leather.com\/index.php\/wp-json\/wp\/v2\/product_tag?post=1426"}],"curies":[{"name":"wp","href":"https:\/\/api.w.org\/{rel}","templated":true}]}}