{"id":1454,"date":"2023-10-12T18:17:14","date_gmt":"2023-10-12T16:17:14","guid":{"rendered":"https:\/\/milanista-leather.com\/?post_type=product&#038;p=1454"},"modified":"2026-02-25T23:28:45","modified_gmt":"2026-02-25T22:28:45","slug":"veste-pilote-v001-copie","status":"publish","type":"product","link":"https:\/\/milanista-leather.com\/index.php\/produit\/veste-pilote-v001-copie\/","title":{"rendered":"Veste en Cuir V\u00e9ritable Milanista Mvh113 &#8211; Noir"},"content":{"rendered":"<p>Chaque saison est adapt\u00e9e pour porter des vestes.<br \/>\nM\u00eame avec des hommes soucieux de la mode, ces v\u00eatements \u00e0 la mode sont tr\u00e8s populaires. En particulier pendant la p\u00e9riode de transition, les hommes veulent \u00e0 peine se passer de vestes l\u00e9g\u00e8res.<br \/>\nEn utilisant diff\u00e9rents mat\u00e9riaux, on obtient une protection correspondante contre la pluie, le froid et le vent. Selon la coupe, la couleur et le motif, des vestes l\u00e9g\u00e8res V\u00e9ritable Cuir\u00a0 pour hommes conviennent \u00e9galement \u00e0 cette activit\u00e9 .<\/p>\n<div><\/div>\n<div>\n<ul>\n<li>Couleur : Noir<\/li>\n<li>Type de col: Col Montant<\/li>\n<li>Manches longues<\/li>\n<li>Deux poches avant avec zip.<\/li>\n<li>Fermeture Zip<\/li>\n<li>Mati\u00e8re:Cuir V\u00e9ritable<\/li>\n<li><strong>NB\u00a0<\/strong>: &#8211; nous informons nos cher(e)s clients que ce blouson MVH113 a \u00e9t\u00e9 r\u00e9alis\u00e9 par un guide de taille slim fit , c&rsquo;est pour cela si vous avez du poids de plus ( ventre , les anches &#8230;)\u00a0 nous vous conseillons de choisir une taille de plus<\/li>\n<li>\u00a0 \u00a0 \u00a0&#8211; la taille de blousons en cuir v\u00e9ritable va grandir grace a des conditions naturel et avec l&rsquo;usage<\/li>\n<li>\u00a0 \u00a0 &#8211; pour que vous faire para\u00eetre\u00a0sous la meilleur forme ce blouson se porte avec des v\u00eatements\u00a0l\u00e9gers\u00a0, demi saison<\/li>\n<\/ul>\n<\/div>\n","protected":false},"excerpt":{"rendered":"<p>Chaque saison est adapt\u00e9e pour porter des vestes. M\u00eame avec des hommes soucieux de la mode, ces v\u00eatements \u00e0 la mode sont tr\u00e8s populaires. En particulier pendant la p\u00e9riode de transition, les hommes veulent \u00e0 peine se passer de vestes l\u00e9g\u00e8res. En utilisant diff\u00e9rents mat\u00e9riaux, on obtient une protection correspondante contre la pluie, le froid [&hellip;]<\/p>\n","protected":false},"featured_media":1488,"comment_status":"open","ping_status":"closed","template":"","meta":{"_eb_attr":"","om_disable_all_campaigns":false,"_monsterinsights_skip_tracking":false,"_monsterinsights_sitenote_active":false,"_monsterinsights_sitenote_note":"","_monsterinsights_sitenote_category":0,"site-sidebar-layout":"default","site-content-layout":"default","ast-site-content-layout":"default","site-content-style":"default","site-sidebar-style":"default","ast-global-header-display":"","ast-banner-title-visibility":"","ast-main-header-display":"","ast-hfb-above-header-display":"","ast-hfb-below-header-display":"","ast-hfb-mobile-header-display":"","site-post-title":"disabled","ast-breadcrumbs-content":"disabled","ast-featured-img":"","footer-sml-layout":"","theme-transparent-header-meta":"default","adv-header-id-meta":"","stick-header-meta":"","header-above-stick-meta":"","header-main-stick-meta":"","header-below-stick-meta":"","astra-migrate-meta-layouts":"set","ast-page-background-enabled":"default","ast-page-background-meta":{"desktop":{"background-color":"","background-image":"","background-repeat":"repeat","background-position":"center center","background-size":"auto","background-attachment":"scroll","background-type":"","background-media":"","overlay-type":"","overlay-color":"","overlay-opacity":"","overlay-gradient":""},"tablet":{"background-color":"","background-image":"","background-repeat":"repeat","background-position":"center center","background-size":"auto","background-attachment":"scroll","background-type":"","background-media":"","overlay-type":"","overlay-color":"","overlay-opacity":"","overlay-gradient":""},"mobile":{"background-color":"","background-image":"","background-repeat":"repeat","background-position":"center center","background-size":"auto","background-attachment":"scroll","background-type":"","background-media":"","overlay-type":"","overlay-color":"","overlay-opacity":"","overlay-gradient":""}},"ast-content-background-meta":{"desktop":{"background-color":"var(--ast-global-color-5)","background-image":"","background-repeat":"repeat","background-position":"center center","background-size":"auto","background-attachment":"scroll","background-type":"","background-media":"","overlay-type":"","overlay-color":"","overlay-opacity":"","overlay-gradient":""},"tablet":{"background-color":"var(--ast-global-color-5)","background-image":"","background-repeat":"repeat","background-position":"center center","background-size":"auto","background-attachment":"scroll","background-type":"","background-media":"","overlay-type":"","overlay-color":"","overlay-opacity":"","overlay-gradient":""},"mobile":{"background-color":"var(--ast-global-color-5)","background-image":"","background-repeat":"repeat","background-position":"center center","background-size":"auto","background-attachment":"scroll","background-type":"","background-media":"","overlay-type":"","overlay-color":"","overlay-opacity":"","overlay-gradient":""}}},"product_cat":[17],"product_tag":[],"class_list":{"0":"post-1454","1":"product","2":"type-product","3":"status-publish","4":"has-post-thumbnail","6":"product_cat-veste","7":"desktop-align-left","8":"tablet-align-left","9":"mobile-align-left","11":"first","12":"instock","13":"sale","14":"shipping-taxable","15":"purchasable","16":"product-type-variable"},"aioseo_notices":[],"_links":{"self":[{"href":"https:\/\/milanista-leather.com\/index.php\/wp-json\/wp\/v2\/product\/1454","targetHints":{"allow":["GET"]}}],"collection":[{"href":"https:\/\/milanista-leather.com\/index.php\/wp-json\/wp\/v2\/product"}],"about":[{"href":"https:\/\/milanista-leather.com\/index.php\/wp-json\/wp\/v2\/types\/product"}],"replies":[{"embeddable":true,"href":"https:\/\/milanista-leather.com\/index.php\/wp-json\/wp\/v2\/comments?post=1454"}],"wp:featuredmedia":[{"embeddable":true,"href":"https:\/\/milanista-leather.com\/index.php\/wp-json\/wp\/v2\/media\/1488"}],"wp:attachment":[{"href":"https:\/\/milanista-leather.com\/index.php\/wp-json\/wp\/v2\/media?parent=1454"}],"wp:term":[{"taxonomy":"product_cat","embeddable":true,"href":"https:\/\/milanista-leather.com\/index.php\/wp-json\/wp\/v2\/product_cat?post=1454"},{"taxonomy":"product_tag","embeddable":true,"href":"https:\/\/milanista-leather.com\/index.php\/wp-json\/wp\/v2\/product_tag?post=1454"}],"curies":[{"name":"wp","href":"https:\/\/api.w.org\/{rel}","templated":true}]}}