{"id":1749,"date":"2024-01-19T09:50:15","date_gmt":"2024-01-19T08:50:15","guid":{"rendered":"https:\/\/milanista-leather.com\/?post_type=product&#038;p=1749"},"modified":"2024-09-14T18:59:01","modified_gmt":"2024-09-14T16:59:01","slug":"ceinture-en-cuir-veritable-milanista-noir","status":"publish","type":"product","link":"https:\/\/milanista-leather.com\/index.php\/produit\/ceinture-en-cuir-veritable-milanista-noir\/","title":{"rendered":"Ceinture En Cuir V\u00e9ritable Milanista &#8211; Noir &#8211;"},"content":{"rendered":"<ul>\n<li>\u00a0Faites l&rsquo;exp\u00e9rience de l&rsquo;\u00e9l\u00e9gance avec notre ceinture en Cuir v\u00e9ritable , port\u00e9e avec une tenue formelle ou pour rehausser votre look d\u00e9contract\u00e9 , adoptez une fusion de confort et de l&rsquo;\u00e9l\u00e9gance\u00a0 .<\/li>\n<li>boucle Italienne de haute qualit\u00e9<\/li>\n<li>mati\u00e8re v\u00e9ritable cuir de vachette<\/li>\n<li>le produit sera emball\u00e9 dans un coffret de haute qualit\u00e9 ce que donne la possibilit\u00e9 de l&rsquo;offrir pour vos chers<\/li>\n<li>Taille : 120 CM\u00a0 * 3.5CM<\/li>\n<\/ul>\n","protected":false},"excerpt":{"rendered":"<p>\u00a0Faites l&rsquo;exp\u00e9rience de l&rsquo;\u00e9l\u00e9gance avec notre ceinture en Cuir v\u00e9ritable , port\u00e9e avec une tenue formelle ou pour rehausser votre look d\u00e9contract\u00e9 , adoptez une fusion de confort et de l&rsquo;\u00e9l\u00e9gance\u00a0 . boucle Italienne de haute qualit\u00e9 mati\u00e8re v\u00e9ritable cuir de vachette le produit sera emball\u00e9 dans un coffret de haute qualit\u00e9 ce que donne [&hellip;]<\/p>\n","protected":false},"featured_media":1750,"comment_status":"open","ping_status":"closed","template":"","meta":{"_eb_attr":"","om_disable_all_campaigns":false,"_monsterinsights_skip_tracking":false,"_monsterinsights_sitenote_active":false,"_monsterinsights_sitenote_note":"","_monsterinsights_sitenote_category":0,"site-sidebar-layout":"default","site-content-layout":"","ast-site-content-layout":"default","site-content-style":"default","site-sidebar-style":"default","ast-global-header-display":"","ast-banner-title-visibility":"","ast-main-header-display":"","ast-hfb-above-header-display":"","ast-hfb-below-header-display":"","ast-hfb-mobile-header-display":"","site-post-title":"","ast-breadcrumbs-content":"","ast-featured-img":"","footer-sml-layout":"","theme-transparent-header-meta":"default","adv-header-id-meta":"","stick-header-meta":"","header-above-stick-meta":"","header-main-stick-meta":"","header-below-stick-meta":"","astra-migrate-meta-layouts":"set","ast-page-background-enabled":"default","ast-page-background-meta":{"desktop":{"background-color":"","background-image":"","background-repeat":"repeat","background-position":"center center","background-size":"auto","background-attachment":"scroll","background-type":"","background-media":"","overlay-type":"","overlay-color":"","overlay-opacity":"","overlay-gradient":""},"tablet":{"background-color":"","background-image":"","background-repeat":"repeat","background-position":"center center","background-size":"auto","background-attachment":"scroll","background-type":"","background-media":"","overlay-type":"","overlay-color":"","overlay-opacity":"","overlay-gradient":""},"mobile":{"background-color":"","background-image":"","background-repeat":"repeat","background-position":"center center","background-size":"auto","background-attachment":"scroll","background-type":"","background-media":"","overlay-type":"","overlay-color":"","overlay-opacity":"","overlay-gradient":""}},"ast-content-background-meta":{"desktop":{"background-color":"var(--ast-global-color-5)","background-image":"","background-repeat":"repeat","background-position":"center center","background-size":"auto","background-attachment":"scroll","background-type":"","background-media":"","overlay-type":"","overlay-color":"","overlay-opacity":"","overlay-gradient":""},"tablet":{"background-color":"var(--ast-global-color-5)","background-image":"","background-repeat":"repeat","background-position":"center center","background-size":"auto","background-attachment":"scroll","background-type":"","background-media":"","overlay-type":"","overlay-color":"","overlay-opacity":"","overlay-gradient":""},"mobile":{"background-color":"var(--ast-global-color-5)","background-image":"","background-repeat":"repeat","background-position":"center center","background-size":"auto","background-attachment":"scroll","background-type":"","background-media":"","overlay-type":"","overlay-color":"","overlay-opacity":"","overlay-gradient":""}}},"product_cat":[37],"product_tag":[],"class_list":{"0":"post-1749","1":"product","2":"type-product","3":"status-publish","4":"has-post-thumbnail","6":"product_cat-accessories","7":"desktop-align-left","8":"tablet-align-left","9":"mobile-align-left","11":"first","12":"instock","13":"sale","14":"shipping-taxable","15":"purchasable","16":"product-type-simple"},"aioseo_notices":[],"_links":{"self":[{"href":"https:\/\/milanista-leather.com\/index.php\/wp-json\/wp\/v2\/product\/1749","targetHints":{"allow":["GET"]}}],"collection":[{"href":"https:\/\/milanista-leather.com\/index.php\/wp-json\/wp\/v2\/product"}],"about":[{"href":"https:\/\/milanista-leather.com\/index.php\/wp-json\/wp\/v2\/types\/product"}],"replies":[{"embeddable":true,"href":"https:\/\/milanista-leather.com\/index.php\/wp-json\/wp\/v2\/comments?post=1749"}],"wp:featuredmedia":[{"embeddable":true,"href":"https:\/\/milanista-leather.com\/index.php\/wp-json\/wp\/v2\/media\/1750"}],"wp:attachment":[{"href":"https:\/\/milanista-leather.com\/index.php\/wp-json\/wp\/v2\/media?parent=1749"}],"wp:term":[{"taxonomy":"product_cat","embeddable":true,"href":"https:\/\/milanista-leather.com\/index.php\/wp-json\/wp\/v2\/product_cat?post=1749"},{"taxonomy":"product_tag","embeddable":true,"href":"https:\/\/milanista-leather.com\/index.php\/wp-json\/wp\/v2\/product_tag?post=1749"}],"curies":[{"name":"wp","href":"https:\/\/api.w.org\/{rel}","templated":true}]}}