{"id":2245,"date":"2026-02-03T15:29:56","date_gmt":"2026-02-03T14:29:56","guid":{"rendered":"https:\/\/milanista-leather.com\/?post_type=product&#038;p=2245"},"modified":"2026-02-25T23:23:34","modified_gmt":"2026-02-25T22:23:34","slug":"veste-en-cuir-veritable-pour-homme-mvh-su57-noir","status":"publish","type":"product","link":"https:\/\/milanista-leather.com\/index.php\/produit\/veste-en-cuir-veritable-pour-homme-mvh-su57-noir\/","title":{"rendered":"Veste En Cuir V\u00e9ritable Pour Homme MVH-SU57 Noir"},"content":{"rendered":"<p data-start=\"115\" data-end=\"171\"><strong data-start=\"115\" data-end=\"171\">LA r\u00e9f\u00e9rence MVH-SU57 \u2013 Collection Prestige<\/strong><\/p>\n<p data-start=\"173\" data-end=\"793\">\u2014 Confectionn\u00e9e en cuir v\u00e9ritable , souple , durable\u00a0 avec un toucher exceptionnel<br data-start=\"295\" data-end=\"298\" \/>\u2014 Col en fourrure luxueux apportant chaleur, confort et une \u00e9l\u00e9gance affirm\u00e9e<br data-start=\"375\" data-end=\"378\" \/>\u2014 Design pilote iconique revisit\u00e9 avec une touche contemporaine<br data-start=\"441\" data-end=\"444\" \/>\u2014 Poches plaqu\u00e9es au style moderne, alliant esth\u00e9tique et fonctionnalit\u00e9<br data-start=\"516\" data-end=\"519\" \/>\u2014 Poche int\u00e9rieure zipp\u00e9e discr\u00e8te et s\u00e9curis\u00e9e pour vos effets personnels<br data-start=\"593\" data-end=\"596\" \/>\u2014 Coupe structur\u00e9e offrant une silhouette \u00e9l\u00e9gante et masculine<br data-start=\"659\" data-end=\"662\" \/>\u2014 Finitions haut de gamme avec coutures pr\u00e9cises et d\u00e9tails soign\u00e9s<br data-start=\"729\" data-end=\"732\" \/>\u2014 Veste id\u00e9ale pour un look chic, sophistiqu\u00e9 et \u00e9ternel<\/p>\n","protected":false},"excerpt":{"rendered":"<p>LA r\u00e9f\u00e9rence MVH-SU57 \u2013 Collection Prestige \u2014 Confectionn\u00e9e en cuir v\u00e9ritable , souple , durable\u00a0 avec un toucher exceptionnel\u2014 Col en fourrure luxueux apportant chaleur, confort et une \u00e9l\u00e9gance affirm\u00e9e\u2014 Design pilote iconique revisit\u00e9 avec une touche contemporaine\u2014 Poches plaqu\u00e9es au style moderne, alliant esth\u00e9tique et fonctionnalit\u00e9\u2014 Poche int\u00e9rieure zipp\u00e9e discr\u00e8te et s\u00e9curis\u00e9e pour vos [&hellip;]<\/p>\n","protected":false},"featured_media":2251,"comment_status":"open","ping_status":"closed","template":"","meta":{"_eb_attr":"","om_disable_all_campaigns":false,"_monsterinsights_skip_tracking":false,"_monsterinsights_sitenote_active":false,"_monsterinsights_sitenote_note":"","_monsterinsights_sitenote_category":0,"site-sidebar-layout":"default","site-content-layout":"","ast-site-content-layout":"default","site-content-style":"default","site-sidebar-style":"default","ast-global-header-display":"","ast-banner-title-visibility":"","ast-main-header-display":"","ast-hfb-above-header-display":"","ast-hfb-below-header-display":"","ast-hfb-mobile-header-display":"","site-post-title":"","ast-breadcrumbs-content":"","ast-featured-img":"","footer-sml-layout":"","theme-transparent-header-meta":"default","adv-header-id-meta":"","stick-header-meta":"","header-above-stick-meta":"","header-main-stick-meta":"","header-below-stick-meta":"","astra-migrate-meta-layouts":"set","ast-page-background-enabled":"default","ast-page-background-meta":{"desktop":{"background-color":"","background-image":"","background-repeat":"repeat","background-position":"center center","background-size":"auto","background-attachment":"scroll","background-type":"","background-media":"","overlay-type":"","overlay-color":"","overlay-opacity":"","overlay-gradient":""},"tablet":{"background-color":"","background-image":"","background-repeat":"repeat","background-position":"center center","background-size":"auto","background-attachment":"scroll","background-type":"","background-media":"","overlay-type":"","overlay-color":"","overlay-opacity":"","overlay-gradient":""},"mobile":{"background-color":"","background-image":"","background-repeat":"repeat","background-position":"center center","background-size":"auto","background-attachment":"scroll","background-type":"","background-media":"","overlay-type":"","overlay-color":"","overlay-opacity":"","overlay-gradient":""}},"ast-content-background-meta":{"desktop":{"background-color":"var(--ast-global-color-5)","background-image":"","background-repeat":"repeat","background-position":"center center","background-size":"auto","background-attachment":"scroll","background-type":"","background-media":"","overlay-type":"","overlay-color":"","overlay-opacity":"","overlay-gradient":""},"tablet":{"background-color":"var(--ast-global-color-5)","background-image":"","background-repeat":"repeat","background-position":"center center","background-size":"auto","background-attachment":"scroll","background-type":"","background-media":"","overlay-type":"","overlay-color":"","overlay-opacity":"","overlay-gradient":""},"mobile":{"background-color":"var(--ast-global-color-5)","background-image":"","background-repeat":"repeat","background-position":"center center","background-size":"auto","background-attachment":"scroll","background-type":"","background-media":"","overlay-type":"","overlay-color":"","overlay-opacity":"","overlay-gradient":""}}},"product_cat":[17],"product_tag":[],"class_list":{"0":"post-2245","1":"product","2":"type-product","3":"status-publish","4":"has-post-thumbnail","6":"product_cat-veste","7":"desktop-align-left","8":"tablet-align-left","9":"mobile-align-left","11":"first","12":"instock","13":"sale","14":"shipping-taxable","15":"purchasable","16":"product-type-variable"},"aioseo_notices":[],"_links":{"self":[{"href":"https:\/\/milanista-leather.com\/index.php\/wp-json\/wp\/v2\/product\/2245","targetHints":{"allow":["GET"]}}],"collection":[{"href":"https:\/\/milanista-leather.com\/index.php\/wp-json\/wp\/v2\/product"}],"about":[{"href":"https:\/\/milanista-leather.com\/index.php\/wp-json\/wp\/v2\/types\/product"}],"replies":[{"embeddable":true,"href":"https:\/\/milanista-leather.com\/index.php\/wp-json\/wp\/v2\/comments?post=2245"}],"wp:featuredmedia":[{"embeddable":true,"href":"https:\/\/milanista-leather.com\/index.php\/wp-json\/wp\/v2\/media\/2251"}],"wp:attachment":[{"href":"https:\/\/milanista-leather.com\/index.php\/wp-json\/wp\/v2\/media?parent=2245"}],"wp:term":[{"taxonomy":"product_cat","embeddable":true,"href":"https:\/\/milanista-leather.com\/index.php\/wp-json\/wp\/v2\/product_cat?post=2245"},{"taxonomy":"product_tag","embeddable":true,"href":"https:\/\/milanista-leather.com\/index.php\/wp-json\/wp\/v2\/product_tag?post=2245"}],"curies":[{"name":"wp","href":"https:\/\/api.w.org\/{rel}","templated":true}]}}